{"id":27,"date":"2021-08-14T19:58:10","date_gmt":"2021-08-14T22:58:10","guid":{"rendered":"http:\/\/waytogrow.com.br\/?page_id=27"},"modified":"2021-08-14T19:58:11","modified_gmt":"2021-08-14T22:58:11","slug":"sobre","status":"publish","type":"page","link":"https:\/\/waytogrow.com.br\/en\/sobre\/","title":{"rendered":"About"},"content":{"rendered":"","protected":false},"excerpt":{"rendered":"","protected":false},"author":1,"featured_media":0,"parent":0,"menu_order":0,"comment_status":"closed","ping_status":"closed","template":"","meta":{"_acf_changed":false,"footnotes":""},"class_list":["post-27","page","type-page","status-publish","hentry"],"acf":[],"yoast_head":"<!-- This site is optimized with the Yoast SEO plugin v27.2 - https:\/\/yoast.com\/product\/yoast-seo-wordpress\/ -->\n<title>Sobre - Way to Grow<\/title>\n<meta name=\"robots\" content=\"index, follow, max-snippet:-1, max-image-preview:large, max-video-preview:-1\" \/>\n<link rel=\"canonical\" href=\"https:\/\/waytogrow.com.br\/en\/sobre\/\" \/>\n<meta property=\"og:locale\" content=\"en_US\" \/>\n<meta property=\"og:type\" content=\"article\" \/>\n<meta property=\"og:title\" content=\"Sobre - Way to Grow\" \/>\n<meta property=\"og:url\" content=\"https:\/\/waytogrow.com.br\/en\/sobre\/\" \/>\n<meta property=\"og:site_name\" content=\"Way to Grow\" \/>\n<meta property=\"article:modified_time\" content=\"2021-08-14T22:58:11+00:00\" \/>\n<meta name=\"twitter:card\" content=\"summary_large_image\" \/>\n<script type=\"application\/ld+json\" class=\"yoast-schema-graph\">{\"@context\":\"https:\/\/schema.org\",\"@graph\":[{\"@type\":\"WebPage\",\"@id\":\"https:\/\/waytogrow.com.br\/sobre\/\",\"url\":\"https:\/\/waytogrow.com.br\/sobre\/\",\"name\":\"Sobre - Way to Grow\",\"isPartOf\":{\"@id\":\"https:\/\/waytogrow.com.br\/#website\"},\"datePublished\":\"2021-08-14T22:58:10+00:00\",\"dateModified\":\"2021-08-14T22:58:11+00:00\",\"breadcrumb\":{\"@id\":\"https:\/\/waytogrow.com.br\/sobre\/#breadcrumb\"},\"inLanguage\":\"en-US\",\"potentialAction\":[{\"@type\":\"ReadAction\",\"target\":[\"https:\/\/waytogrow.com.br\/sobre\/\"]}]},{\"@type\":\"BreadcrumbList\",\"@id\":\"https:\/\/waytogrow.com.br\/sobre\/#breadcrumb\",\"itemListElement\":[{\"@type\":\"ListItem\",\"position\":1,\"name\":\"Home\",\"item\":\"https:\/\/waytogrow.com.br\/\"},{\"@type\":\"ListItem\",\"position\":2,\"name\":\"Sobre\"}]},{\"@type\":\"WebSite\",\"@id\":\"https:\/\/waytogrow.com.br\/#website\",\"url\":\"https:\/\/waytogrow.com.br\/\",\"name\":\"Way to Grow\",\"description\":\"Desenvolvimento e evolu\u00e7\u00e3o de neg\u00f3cios\",\"publisher\":{\"@id\":\"https:\/\/waytogrow.com.br\/#organization\"},\"potentialAction\":[{\"@type\":\"SearchAction\",\"target\":{\"@type\":\"EntryPoint\",\"urlTemplate\":\"https:\/\/waytogrow.com.br\/?s={search_term_string}\"},\"query-input\":{\"@type\":\"PropertyValueSpecification\",\"valueRequired\":true,\"valueName\":\"search_term_string\"}}],\"inLanguage\":\"en-US\"},{\"@type\":\"Organization\",\"@id\":\"https:\/\/waytogrow.com.br\/#organization\",\"name\":\"Way to Grow\",\"url\":\"https:\/\/waytogrow.com.br\/\",\"logo\":{\"@type\":\"ImageObject\",\"inLanguage\":\"en-US\",\"@id\":\"https:\/\/waytogrow.com.br\/#\/schema\/logo\/image\/\",\"url\":\"http:\/\/waytogrow.com.br\/wp-content\/uploads\/2020\/08\/Logo-Way-to-Grow.png\",\"contentUrl\":\"http:\/\/waytogrow.com.br\/wp-content\/uploads\/2020\/08\/Logo-Way-to-Grow.png\",\"width\":500,\"height\":125,\"caption\":\"Way to Grow\"},\"image\":{\"@id\":\"https:\/\/waytogrow.com.br\/#\/schema\/logo\/image\/\"}}]}<\/script>\n<!-- \/ Yoast SEO plugin. -->","yoast_head_json":{"title":"Sobre - Way to Grow","robots":{"index":"index","follow":"follow","max-snippet":"max-snippet:-1","max-image-preview":"max-image-preview:large","max-video-preview":"max-video-preview:-1"},"canonical":"https:\/\/waytogrow.com.br\/en\/sobre\/","og_locale":"en_US","og_type":"article","og_title":"Sobre - Way to Grow","og_url":"https:\/\/waytogrow.com.br\/en\/sobre\/","og_site_name":"Way to Grow","article_modified_time":"2021-08-14T22:58:11+00:00","twitter_card":"summary_large_image","schema":{"@context":"https:\/\/schema.org","@graph":[{"@type":"WebPage","@id":"https:\/\/waytogrow.com.br\/sobre\/","url":"https:\/\/waytogrow.com.br\/sobre\/","name":"Sobre - Way to Grow","isPartOf":{"@id":"https:\/\/waytogrow.com.br\/#website"},"datePublished":"2021-08-14T22:58:10+00:00","dateModified":"2021-08-14T22:58:11+00:00","breadcrumb":{"@id":"https:\/\/waytogrow.com.br\/sobre\/#breadcrumb"},"inLanguage":"en-US","potentialAction":[{"@type":"ReadAction","target":["https:\/\/waytogrow.com.br\/sobre\/"]}]},{"@type":"BreadcrumbList","@id":"https:\/\/waytogrow.com.br\/sobre\/#breadcrumb","itemListElement":[{"@type":"ListItem","position":1,"name":"Home","item":"https:\/\/waytogrow.com.br\/"},{"@type":"ListItem","position":2,"name":"Sobre"}]},{"@type":"WebSite","@id":"https:\/\/waytogrow.com.br\/#website","url":"https:\/\/waytogrow.com.br\/","name":"Way to Grow","description":"Desenvolvimento e evolu\u00e7\u00e3o de neg\u00f3cios","publisher":{"@id":"https:\/\/waytogrow.com.br\/#organization"},"potentialAction":[{"@type":"SearchAction","target":{"@type":"EntryPoint","urlTemplate":"https:\/\/waytogrow.com.br\/?s={search_term_string}"},"query-input":{"@type":"PropertyValueSpecification","valueRequired":true,"valueName":"search_term_string"}}],"inLanguage":"en-US"},{"@type":"Organization","@id":"https:\/\/waytogrow.com.br\/#organization","name":"Way to Grow","url":"https:\/\/waytogrow.com.br\/","logo":{"@type":"ImageObject","inLanguage":"en-US","@id":"https:\/\/waytogrow.com.br\/#\/schema\/logo\/image\/","url":"http:\/\/waytogrow.com.br\/wp-content\/uploads\/2020\/08\/Logo-Way-to-Grow.png","contentUrl":"http:\/\/waytogrow.com.br\/wp-content\/uploads\/2020\/08\/Logo-Way-to-Grow.png","width":500,"height":125,"caption":"Way to Grow"},"image":{"@id":"https:\/\/waytogrow.com.br\/#\/schema\/logo\/image\/"}}]}},"_links":{"self":[{"href":"https:\/\/waytogrow.com.br\/en\/wp-json\/wp\/v2\/pages\/27","targetHints":{"allow":["GET"]}}],"collection":[{"href":"https:\/\/waytogrow.com.br\/en\/wp-json\/wp\/v2\/pages"}],"about":[{"href":"https:\/\/waytogrow.com.br\/en\/wp-json\/wp\/v2\/types\/page"}],"author":[{"embeddable":true,"href":"https:\/\/waytogrow.com.br\/en\/wp-json\/wp\/v2\/users\/1"}],"replies":[{"embeddable":true,"href":"https:\/\/waytogrow.com.br\/en\/wp-json\/wp\/v2\/comments?post=27"}],"version-history":[{"count":0,"href":"https:\/\/waytogrow.com.br\/en\/wp-json\/wp\/v2\/pages\/27\/revisions"}],"wp:attachment":[{"href":"https:\/\/waytogrow.com.br\/en\/wp-json\/wp\/v2\/media?parent=27"}],"curies":[{"name":"wp","href":"https:\/\/api.w.org\/{rel}","templated":true}]}}